{"id":3,"date":"2026-02-18T13:46:01","date_gmt":"2026-02-18T13:46:01","guid":{"rendered":"https:\/\/otiornontowice.pl\/?page_id=3"},"modified":"2026-04-01T10:23:38","modified_gmt":"2026-04-01T10:23:38","slug":"privacy-policy","status":"publish","type":"page","link":"https:\/\/otiornontowice.pl\/index.php\/privacy-policy\/","title":{"rendered":"Polityka prywatno\u015b\u0107i"},"content":{"rendered":"\t\t<div data-elementor-type=\"wp-page\" data-elementor-id=\"3\" class=\"elementor elementor-3\" data-elementor-post-type=\"page\">\n\t\t\t\t\t\t<section class=\"elementor-section elementor-top-section elementor-element elementor-element-6a905343 elementor-section-boxed elementor-section-height-default elementor-section-height-default\" data-id=\"6a905343\" data-element_type=\"section\" data-e-type=\"section\">\n\t\t\t\t\t\t<div class=\"elementor-container elementor-column-gap-default\">\n\t\t\t\t\t<div class=\"elementor-column elementor-col-100 elementor-top-column elementor-element elementor-element-ca19e81\" data-id=\"ca19e81\" data-element_type=\"column\" data-e-type=\"column\">\n\t\t\t<div class=\"elementor-widget-wrap elementor-element-populated\">\n\t\t\t\t\t\t<div class=\"elementor-element elementor-element-605b9ee3 elementor-widget elementor-widget-text-editor\" data-id=\"605b9ee3\" data-element_type=\"widget\" data-e-type=\"widget\" data-widget_type=\"text-editor.default\">\n\t\t\t\t\t\t\t\t\t\n<p class=\"my-2 [&amp;+p]:mt-4 [&amp;_strong:has(+br)]:inline-block [&amp;_strong:has(+br)]:pb-2\"><strong>Polityka prywatno\u015bci OTI O\u015brodek Terapii Indywidualnej Klaudia Szostak<\/strong><\/p>\n<p class=\"my-2 [&amp;+p]:mt-4 [&amp;_strong:has(+br)]:inline-block [&amp;_strong:has(+br)]:pb-2\">Niniejsza polityka prywatnos\u0301ci (\u201ePolityka\u201d) opisuje zasady przetwarzania Twoich danych osobowych podczas korzystania ze strony internetowej pod adresem https:\/\/otiornontowice.pl (\u201eStrona Internetowa\u201d) oraz kontaktowania si\u0119 z nami za po\u015brednictwem formularza kontaktowego lub poczty elektronicznej.<br \/>Polityka odzwierciedla wymogi Rozporza\u0328dzenia Parlamentu Europejskiego i Rady (UE) 2016\/679 (\u201eRODO\u201d).<\/p>\n<p class=\"my-2 [&amp;+p]:mt-4 [&amp;_strong:has(+br)]:inline-block [&amp;_strong:has(+br)]:pb-2\"><strong>Administrator danych osobowych<\/strong><br \/>Administratorem Twoich danych osobowych jest\u00a0<strong>OTI O\u015brodek Terapii Indywidualnej Klaudia Szostak<\/strong>\u00a0z siedzib\u0105 przy ul. Kolejowej 8A, 43\u2011178 Ornontowice, e\u2011mail: kontakt@otiornontowice.pl (\u201eAdministrator\u201d).<br \/>Administrator nie wyznaczy\u0142 Inspektora Ochrony Danych; w sprawach zwi\u0105zanych z ochron\u0105 danych mo\u017cesz kontaktowa\u0107 si\u0119 pod powy\u017cszym adresem e\u2011mail.<\/p>\n<p class=\"my-2 [&amp;+p]:mt-4 [&amp;_strong:has(+br)]:inline-block [&amp;_strong:has(+br)]:pb-2\"><strong>Zakres przetwarzanych danych<\/strong><br \/>Za po\u015brednictwem Strony Internetowej przetwarzamy nast\u0119puj\u0105ce dane:<br \/>&#8211; dane podane w formularzu kontaktowym: imi\u0119, adres e\u2011mail oraz tre\u015b\u0107 wiadomo\u015bci,<br \/>&#8211; dane podane w bezpo\u015bredniej korespondencji e\u2011mail,<br \/>&#8211; dane techniczne zwi\u0105zane z korzystaniem ze Strony Internetowej (logi serwera: data i godzina wizyty, odwiedzone adresy, rodzaj przegl\u0105darki, system operacyjny urz\u0105dzenia, adres IP).<\/p>\n<p class=\"my-2 [&amp;+p]:mt-4 [&amp;_strong:has(+br)]:inline-block [&amp;_strong:has(+br)]:pb-2\"><strong>Cele i podstawy prawne przetwarzania<\/strong><br \/>Twoje dane osobowe s\u0105 przetwarzane wy\u0142\u0105cznie w nast\u0119puj\u0105cych celach:<br \/>&#8211; udzielenie odpowiedzi na Twoje zapytanie przes\u0142ane za po\u015brednictwem formularza lub e\u2011maila, prowadzenie korespondencji i obs\u0142uga komunikacji (art. 6 ust. 1 lit. b RODO &#8211; dzia\u0142ania zmierzaj\u0105ce do zawarcia umowy lub podj\u0119te na Twoje \u017c\u0105danie),<br \/>&#8211; zapewnienie prawid\u0142owego funkcjonowania Strony Internetowej, bezpiecze\u0144stwa i prowadzenie podstawowych statystyk odwiedzin w oparciu o logi serwera (art. 6 ust. 1 lit. f RODO \u2013 prawnie uzasadniony interes Administratora).<br \/>Na Stronie nie jest prowadzone profilowanie u\u017cytkownik\u00f3w, nie ma rejestracji kont, nie prowadzimy newslettera ani marketingu bezpo\u015bredniego w oparciu o dane z formularza.<\/p>\n<p class=\"my-2 [&amp;+p]:mt-4 [&amp;_strong:has(+br)]:inline-block [&amp;_strong:has(+br)]:pb-2\"><strong>Obowi\u0105zek podania danych<\/strong><br \/>Podanie danych w formularzu kontaktowym jest dobrowolne, ale niezb\u0119dne, aby\u015bmy mogli udzieli\u0107 odpowiedzi na Twoje zapytanie. Brak podania danych kontaktowych uniemo\u017cliwi udzielenie odpowiedzi.<\/p>\n<p class=\"my-2 [&amp;+p]:mt-4 [&amp;_strong:has(+br)]:inline-block [&amp;_strong:has(+br)]:pb-2\"><strong>Okres przechowywania danych<\/strong><br \/>Dane z formularza kontaktowego oraz korespondencji e\u2011mail przechowujemy przez okres niezb\u0119dny do udzielenia odpowiedzi i zako\u0144czenia korespondencji, a nast\u0119pnie przez okres wynikaj\u0105cy z naszego prawnie uzasadnionego interesu (np. w celu dochodzenia lub odpierania ewentualnych roszcze\u0144), nie d\u0142u\u017cej jednak ni\u017c przez 3 lata od zako\u0144czenia kontaktu, o ile przepisy prawa nie wymagaj\u0105 d\u0142u\u017cszego okresu.<br \/>Dane techniczne w logach serwera mog\u0105 by\u0107 przechowywane przez okres do 12 miesi\u0119cy w celach bezpiecze\u0144stwa i utrzymania ci\u0105g\u0142o\u015bci dzia\u0142ania Strony.<\/p>\n<p class=\"my-2 [&amp;+p]:mt-4 [&amp;_strong:has(+br)]:inline-block [&amp;_strong:has(+br)]:pb-2\"><strong>Odbiorcy danych osobowych<\/strong><br \/>Twoje dane mog\u0105 by\u0107 przekazywane:<br \/>&#8211; dostawcy hostingu i us\u0142ug IT, kt\u00f3rzy zapewniaj\u0105 funkcjonowanie Strony Internetowej,<br \/>&#8211; podmiotom uprawnionym na podstawie przepis\u00f3w prawa (np. organom publicznym, s\u0105dom) \u2013 wy\u0142\u0105cznie w wypadkach przewidzianych przepisami.<br \/>Dane nie s\u0105 sprzedawane ani przekazywane innym podmiotom w celach marketingowych.<br \/>Co do zasady nie przekazujemy danych poza Europejski Obszar Gospodarczy.<\/p>\n<p class=\"my-2 [&amp;+p]:mt-4 [&amp;_strong:has(+br)]:inline-block [&amp;_strong:has(+br)]:pb-2\"><strong>Pliki cookies<\/strong><br \/>Zasady korzystania z plik\u00f3w cookies na Stronie zosta\u0142y opisane w odr\u0119bnej\u00a0<strong>Polityce plik\u00f3w cookies<\/strong>, dost\u0119pnej pod adresem: https:\/\/otiornontowice.pl\/index.php\/polityka-plikow-cookies-eu\/.<br \/>W ramach tej polityki mo\u017cesz zarz\u0105dza\u0107 swoimi zgodami na stosowanie cookies.<\/p>\n<p class=\"my-2 [&amp;+p]:mt-4 [&amp;_strong:has(+br)]:inline-block [&amp;_strong:has(+br)]:pb-2\"><strong>Twoje prawa<\/strong><br \/>W zwi\u0105zku z przetwarzaniem Twoich danych osobowych przys\u0142uguje Ci prawo:<br \/>&#8211; \u017c\u0105dania dost\u0119pu do danych, ich sprostowania, usuni\u0119cia lub ograniczenia przetwarzania,<br \/>&#8211; wniesienia sprzeciwu wobec przetwarzania opartego na naszym prawnie uzasadnionym interesie,<br \/>&#8211; \u017c\u0105dania przeniesienia danych w zakresie okre\u015blonym w art. 20 RODO,<br \/>&#8211; wniesienia skargi do Prezesa Urz\u0119du Ochrony Danych Osobowych (ul. Stawki 2, 00\u2011193 Warszawa, e\u2011mail: kancelaria@uodo.gov.pl), je\u015bli uznasz, \u017ce przetwarzanie Twoich danych narusza przepisy prawa.<\/p>\n<p class=\"my-2 [&amp;+p]:mt-4 [&amp;_strong:has(+br)]:inline-block [&amp;_strong:has(+br)]:pb-2\"><strong>Bezpiecze\u0144stwo danych<\/strong><br \/>Przetwarzaj\u0105c Twoje dane osobowe stosujemy odpowiednie \u015brodki organizacyjne i techniczne, w tym szyfrowanie po\u0142\u0105czenia z wykorzystaniem certyfikatu SSL oraz ograniczenie dost\u0119pu do danych wy\u0142\u0105cznie do os\u00f3b upowa\u017cnionych.<\/p>\n<p class=\"my-2 [&amp;+p]:mt-4 [&amp;_strong:has(+br)]:inline-block [&amp;_strong:has(+br)]:pb-2\"><strong>Zmiany Polityki<\/strong><br \/>Polityka mo\u017ce by\u0107 okresowo aktualizowana, m.in. w razie zmian w przepisach prawa lub sposobie przetwarzania danych. Aktualna wersja Polityki jest zawsze dost\u0119pna na Stronie Internetowej.<\/p>\t\t\t\t\t\t\t\t<\/div>\n\t\t\t\t\t<\/div>\n\t\t<\/div>\n\t\t\t\t\t<\/div>\n\t\t<\/section>\n\t\t\t\t<\/div>\n\t\t","protected":false},"excerpt":{"rendered":"<p>Polityka prywatno\u015bci OTI O\u015brodek Terapii Indywidualnej Klaudia Szostak Niniejsza polityka prywatnos\u0301ci (\u201ePolityka\u201d) opisuje zasady przetwarzania Twoich danych osobowych podczas korzystania ze strony internetowej pod adresem https:\/\/otiornontowice.pl (\u201eStrona Internetowa\u201d) oraz kontaktowania si\u0119 z nami za po\u015brednictwem formularza kontaktowego lub poczty elektronicznej.Polityka odzwierciedla wymogi Rozporza\u0328dzenia Parlamentu Europejskiego i Rady (UE) 2016\/679 (\u201eRODO\u201d). Administrator danych osobowychAdministratorem Twoich danych [&hellip;]<\/p>\n","protected":false},"author":1,"featured_media":0,"parent":0,"menu_order":0,"comment_status":"closed","ping_status":"open","template":"","meta":{"footnotes":""},"class_list":["post-3","page","type-page","status-publish","hentry"],"yoast_head":"<!-- This site is optimized with the Yoast SEO plugin v27.3 - https:\/\/yoast.com\/product\/yoast-seo-wordpress\/ -->\n<title>Polityka prywatno\u015b\u0107i - O\u015brodek Terapii Indywidualnej Klaudia Szostak<\/title>\n<meta name=\"robots\" content=\"index, follow, max-snippet:-1, max-image-preview:large, max-video-preview:-1\" \/>\n<link rel=\"canonical\" href=\"https:\/\/otiornontowice.pl\/index.php\/privacy-policy\/\" \/>\n<meta property=\"og:locale\" content=\"pl_PL\" \/>\n<meta property=\"og:type\" content=\"article\" \/>\n<meta property=\"og:title\" content=\"Polityka prywatno\u015b\u0107i - O\u015brodek Terapii Indywidualnej Klaudia Szostak\" \/>\n<meta property=\"og:description\" content=\"Polityka prywatno\u015bci OTI O\u015brodek Terapii Indywidualnej Klaudia Szostak Niniejsza polityka prywatnos\u0301ci (\u201ePolityka\u201d) opisuje zasady przetwarzania Twoich danych osobowych podczas korzystania ze strony internetowej pod adresem https:\/\/otiornontowice.pl (\u201eStrona Internetowa\u201d) oraz kontaktowania si\u0119 z nami za po\u015brednictwem formularza kontaktowego lub poczty elektronicznej.Polityka odzwierciedla wymogi Rozporza\u0328dzenia Parlamentu Europejskiego i Rady (UE) 2016\/679 (\u201eRODO\u201d). Administrator danych osobowychAdministratorem Twoich danych [&hellip;]\" \/>\n<meta property=\"og:url\" content=\"https:\/\/otiornontowice.pl\/index.php\/privacy-policy\/\" \/>\n<meta property=\"og:site_name\" content=\"O\u015brodek Terapii Indywidualnej Klaudia Szostak\" \/>\n<meta property=\"article:modified_time\" content=\"2026-04-01T10:23:38+00:00\" \/>\n<meta name=\"twitter:card\" content=\"summary_large_image\" \/>\n<meta name=\"twitter:label1\" content=\"Szacowany czas czytania\" \/>\n\t<meta name=\"twitter:data1\" content=\"4 minuty\" \/>\n<script type=\"application\/ld+json\" class=\"yoast-schema-graph\">{\"@context\":\"https:\\\/\\\/schema.org\",\"@graph\":[{\"@type\":\"WebPage\",\"@id\":\"https:\\\/\\\/otiornontowice.pl\\\/index.php\\\/privacy-policy\\\/\",\"url\":\"https:\\\/\\\/otiornontowice.pl\\\/index.php\\\/privacy-policy\\\/\",\"name\":\"Polityka prywatno\u015b\u0107i - O\u015brodek Terapii Indywidualnej Klaudia Szostak\",\"isPartOf\":{\"@id\":\"https:\\\/\\\/otiornontowice.pl\\\/#website\"},\"datePublished\":\"2026-02-18T13:46:01+00:00\",\"dateModified\":\"2026-04-01T10:23:38+00:00\",\"breadcrumb\":{\"@id\":\"https:\\\/\\\/otiornontowice.pl\\\/index.php\\\/privacy-policy\\\/#breadcrumb\"},\"inLanguage\":\"pl-PL\",\"potentialAction\":[{\"@type\":\"ReadAction\",\"target\":[\"https:\\\/\\\/otiornontowice.pl\\\/index.php\\\/privacy-policy\\\/\"]}]},{\"@type\":\"BreadcrumbList\",\"@id\":\"https:\\\/\\\/otiornontowice.pl\\\/index.php\\\/privacy-policy\\\/#breadcrumb\",\"itemListElement\":[{\"@type\":\"ListItem\",\"position\":1,\"name\":\"Strona g\u0142\u00f3wna\",\"item\":\"https:\\\/\\\/otiornontowice.pl\\\/\"},{\"@type\":\"ListItem\",\"position\":2,\"name\":\"Polityka prywatno\u015b\u0107i\"}]},{\"@type\":\"WebSite\",\"@id\":\"https:\\\/\\\/otiornontowice.pl\\\/#website\",\"url\":\"https:\\\/\\\/otiornontowice.pl\\\/\",\"name\":\"O\u015brodek Terapii Indywidualnej Klaudia Szostak\",\"description\":\"O\u015brodek Terapii Indywidualnej specjalizuje si\u0119 w rehabilitacji neurologicznej. Ofert\u0119 o\u015brodka kierujemy przede wszystkim do os\u00f3b doros\u0142ych z zaburzeniami neurologicznymi.\",\"publisher\":{\"@id\":\"https:\\\/\\\/otiornontowice.pl\\\/#organization\"},\"potentialAction\":[{\"@type\":\"SearchAction\",\"target\":{\"@type\":\"EntryPoint\",\"urlTemplate\":\"https:\\\/\\\/otiornontowice.pl\\\/?s={search_term_string}\"},\"query-input\":{\"@type\":\"PropertyValueSpecification\",\"valueRequired\":true,\"valueName\":\"search_term_string\"}}],\"inLanguage\":\"pl-PL\"},{\"@type\":\"Organization\",\"@id\":\"https:\\\/\\\/otiornontowice.pl\\\/#organization\",\"name\":\"O\u015brodek Terapii Indywidualnej Klaudia Szostak\",\"url\":\"https:\\\/\\\/otiornontowice.pl\\\/\",\"logo\":{\"@type\":\"ImageObject\",\"inLanguage\":\"pl-PL\",\"@id\":\"https:\\\/\\\/otiornontowice.pl\\\/#\\\/schema\\\/logo\\\/image\\\/\",\"url\":\"https:\\\/\\\/otiornontowice.pl\\\/wp-content\\\/uploads\\\/2026\\\/02\\\/logo_OTI_10.webp\",\"contentUrl\":\"https:\\\/\\\/otiornontowice.pl\\\/wp-content\\\/uploads\\\/2026\\\/02\\\/logo_OTI_10.webp\",\"width\":680,\"height\":299,\"caption\":\"O\u015brodek Terapii Indywidualnej Klaudia Szostak\"},\"image\":{\"@id\":\"https:\\\/\\\/otiornontowice.pl\\\/#\\\/schema\\\/logo\\\/image\\\/\"}}]}<\/script>\n<!-- \/ Yoast SEO plugin. -->","yoast_head_json":{"title":"Polityka prywatno\u015b\u0107i - O\u015brodek Terapii Indywidualnej Klaudia Szostak","robots":{"index":"index","follow":"follow","max-snippet":"max-snippet:-1","max-image-preview":"max-image-preview:large","max-video-preview":"max-video-preview:-1"},"canonical":"https:\/\/otiornontowice.pl\/index.php\/privacy-policy\/","og_locale":"pl_PL","og_type":"article","og_title":"Polityka prywatno\u015b\u0107i - O\u015brodek Terapii Indywidualnej Klaudia Szostak","og_description":"Polityka prywatno\u015bci OTI O\u015brodek Terapii Indywidualnej Klaudia Szostak Niniejsza polityka prywatnos\u0301ci (\u201ePolityka\u201d) opisuje zasady przetwarzania Twoich danych osobowych podczas korzystania ze strony internetowej pod adresem https:\/\/otiornontowice.pl (\u201eStrona Internetowa\u201d) oraz kontaktowania si\u0119 z nami za po\u015brednictwem formularza kontaktowego lub poczty elektronicznej.Polityka odzwierciedla wymogi Rozporza\u0328dzenia Parlamentu Europejskiego i Rady (UE) 2016\/679 (\u201eRODO\u201d). Administrator danych osobowychAdministratorem Twoich danych [&hellip;]","og_url":"https:\/\/otiornontowice.pl\/index.php\/privacy-policy\/","og_site_name":"O\u015brodek Terapii Indywidualnej Klaudia Szostak","article_modified_time":"2026-04-01T10:23:38+00:00","twitter_card":"summary_large_image","twitter_misc":{"Szacowany czas czytania":"4 minuty"},"schema":{"@context":"https:\/\/schema.org","@graph":[{"@type":"WebPage","@id":"https:\/\/otiornontowice.pl\/index.php\/privacy-policy\/","url":"https:\/\/otiornontowice.pl\/index.php\/privacy-policy\/","name":"Polityka prywatno\u015b\u0107i - O\u015brodek Terapii Indywidualnej Klaudia Szostak","isPartOf":{"@id":"https:\/\/otiornontowice.pl\/#website"},"datePublished":"2026-02-18T13:46:01+00:00","dateModified":"2026-04-01T10:23:38+00:00","breadcrumb":{"@id":"https:\/\/otiornontowice.pl\/index.php\/privacy-policy\/#breadcrumb"},"inLanguage":"pl-PL","potentialAction":[{"@type":"ReadAction","target":["https:\/\/otiornontowice.pl\/index.php\/privacy-policy\/"]}]},{"@type":"BreadcrumbList","@id":"https:\/\/otiornontowice.pl\/index.php\/privacy-policy\/#breadcrumb","itemListElement":[{"@type":"ListItem","position":1,"name":"Strona g\u0142\u00f3wna","item":"https:\/\/otiornontowice.pl\/"},{"@type":"ListItem","position":2,"name":"Polityka prywatno\u015b\u0107i"}]},{"@type":"WebSite","@id":"https:\/\/otiornontowice.pl\/#website","url":"https:\/\/otiornontowice.pl\/","name":"O\u015brodek Terapii Indywidualnej Klaudia Szostak","description":"O\u015brodek Terapii Indywidualnej specjalizuje si\u0119 w rehabilitacji neurologicznej. Ofert\u0119 o\u015brodka kierujemy przede wszystkim do os\u00f3b doros\u0142ych z zaburzeniami neurologicznymi.","publisher":{"@id":"https:\/\/otiornontowice.pl\/#organization"},"potentialAction":[{"@type":"SearchAction","target":{"@type":"EntryPoint","urlTemplate":"https:\/\/otiornontowice.pl\/?s={search_term_string}"},"query-input":{"@type":"PropertyValueSpecification","valueRequired":true,"valueName":"search_term_string"}}],"inLanguage":"pl-PL"},{"@type":"Organization","@id":"https:\/\/otiornontowice.pl\/#organization","name":"O\u015brodek Terapii Indywidualnej Klaudia Szostak","url":"https:\/\/otiornontowice.pl\/","logo":{"@type":"ImageObject","inLanguage":"pl-PL","@id":"https:\/\/otiornontowice.pl\/#\/schema\/logo\/image\/","url":"https:\/\/otiornontowice.pl\/wp-content\/uploads\/2026\/02\/logo_OTI_10.webp","contentUrl":"https:\/\/otiornontowice.pl\/wp-content\/uploads\/2026\/02\/logo_OTI_10.webp","width":680,"height":299,"caption":"O\u015brodek Terapii Indywidualnej Klaudia Szostak"},"image":{"@id":"https:\/\/otiornontowice.pl\/#\/schema\/logo\/image\/"}}]}},"_links":{"self":[{"href":"https:\/\/otiornontowice.pl\/index.php\/wp-json\/wp\/v2\/pages\/3","targetHints":{"allow":["GET"]}}],"collection":[{"href":"https:\/\/otiornontowice.pl\/index.php\/wp-json\/wp\/v2\/pages"}],"about":[{"href":"https:\/\/otiornontowice.pl\/index.php\/wp-json\/wp\/v2\/types\/page"}],"author":[{"embeddable":true,"href":"https:\/\/otiornontowice.pl\/index.php\/wp-json\/wp\/v2\/users\/1"}],"replies":[{"embeddable":true,"href":"https:\/\/otiornontowice.pl\/index.php\/wp-json\/wp\/v2\/comments?post=3"}],"version-history":[{"count":0,"href":"https:\/\/otiornontowice.pl\/index.php\/wp-json\/wp\/v2\/pages\/3\/revisions"}],"wp:attachment":[{"href":"https:\/\/otiornontowice.pl\/index.php\/wp-json\/wp\/v2\/media?parent=3"}],"curies":[{"name":"wp","href":"https:\/\/api.w.org\/{rel}","templated":true}]}}